{"id":198,"date":"2025-11-25T19:16:14","date_gmt":"2025-11-25T18:16:14","guid":{"rendered":"https:\/\/domenp27.sg-host.com\/?page_id=198"},"modified":"2025-11-26T11:23:01","modified_gmt":"2025-11-26T10:23:01","slug":"counseling","status":"publish","type":"page","link":"https:\/\/www.ac-kolor.si\/en\/counseling\/","title":{"rendered":"Consulting"},"content":{"rendered":"<div data-elementor-type=\"wp-page\" data-elementor-id=\"198\" class=\"elementor elementor-198\" data-elementor-post-type=\"page\">\n\t\t\t\t<div class=\"elementor-element elementor-element-f16aac6 e-flex e-con-boxed e-con e-parent\" data-id=\"f16aac6\" data-element_type=\"container\" data-settings=\"{&quot;background_background&quot;:&quot;classic&quot;}\">\n\t\t\t\t\t<div class=\"e-con-inner\">\n\t\t\t\t<div class=\"elementor-element elementor-element-2cefedb elementor-widget elementor-widget-heading\" data-id=\"2cefedb\" data-element_type=\"widget\" data-widget_type=\"heading.default\">\n\t\t\t\t\t<h1 class=\"elementor-heading-title elementor-size-default\">Professional advice<\/h1>\t\t\t\t<\/div>\n\t\t\t\t<div class=\"elementor-element elementor-element-258189f elementor-widget__width-initial elementor-widget elementor-widget-heading\" data-id=\"258189f\" data-element_type=\"widget\" data-widget_type=\"heading.default\">\n\t\t\t\t\t<p class=\"elementor-heading-title elementor-size-default\">We offer free consultations for your construction project. With many years of experience, we help you make the right decisions.<\/p>\t\t\t\t<\/div>\n\t\t\t\t\t<\/div>\n\t\t\t\t<\/div>\n\t\t<div class=\"elementor-element elementor-element-86a5ccc e-flex e-con-boxed e-con e-parent\" data-id=\"86a5ccc\" data-element_type=\"container\">\n\t\t\t\t\t<div class=\"e-con-inner\">\n\t\t\t\t<div class=\"elementor-element elementor-element-16c3155 elementor-widget elementor-widget-heading\" data-id=\"16c3155\" data-element_type=\"widget\" data-widget_type=\"heading.default\">\n\t\t\t\t\t<h2 class=\"elementor-heading-title elementor-size-default\">Areas of consulting<\/h2>\t\t\t\t<\/div>\n\t\t\t\t<div class=\"elementor-element elementor-element-de71389 elementor-widget__width-initial elementor-widget-mobile__width-inherit elementor-widget elementor-widget-text-editor\" data-id=\"de71389\" data-element_type=\"widget\" data-widget_type=\"text-editor.default\">\n\t\t\t\t\t\t\t\t\t<p>We advise you in all areas of construction and craft work<\/p>\t\t\t\t\t\t\t\t<\/div>\n\t\t<div class=\"elementor-element elementor-element-22b8b1d e-grid e-con-full e-con e-child\" data-id=\"22b8b1d\" data-element_type=\"container\">\n\t\t<div class=\"elementor-element elementor-element-5bcdb94 e-con-full consultation-card e-flex e-con e-child\" data-id=\"5bcdb94\" data-element_type=\"container\">\n\t\t\t\t<div class=\"elementor-element elementor-element-3326b89 elementor-view-default elementor-widget elementor-widget-icon\" data-id=\"3326b89\" data-element_type=\"widget\" data-widget_type=\"icon.default\">\n\t\t\t\t\t\t\t<div class=\"elementor-icon-wrapper\">\n\t\t\t<div class=\"elementor-icon\">\n\t\t\t<svg xmlns=\"http:\/\/www.w3.org\/2000\/svg\" width=\"24\" height=\"24\" viewbox=\"0 0 24 24\" fill=\"none\" stroke=\"#fcc631\" stroke-width=\"2\" stroke-linecap=\"round\" stroke-linejoin=\"round\" class=\"lucide lucide-lightbulb w-10 h-10 text-accent\"><path d=\"M15 14c.2-1 .7-1.7 1.5-2.5 1-.9 1.5-2.2 1.5-3.5A6 6 0 0 0 6 8c0 1 .2 2.2 1.5 3.5.7.7 1.3 1.5 1.5 2.5\"><\/path><path d=\"M9 18h6\"><\/path><path d=\"M10 22h4\"><\/path><\/svg>\t\t\t<\/div>\n\t\t<\/div>\n\t\t\t\t\t\t<\/div>\n\t\t\t\t<div class=\"elementor-element elementor-element-2b9a088 elementor-widget elementor-widget-heading\" data-id=\"2b9a088\" data-element_type=\"widget\" data-widget_type=\"heading.default\">\n\t\t\t\t\t<h3 class=\"elementor-heading-title elementor-size-default\">Selection of materials<\/h3>\t\t\t\t<\/div>\n\t\t\t\t<div class=\"elementor-element elementor-element-aff2dd6 elementor-widget elementor-widget-text-editor\" data-id=\"aff2dd6\" data-element_type=\"widget\" data-widget_type=\"text-editor.default\">\n\t\t\t\t\t\t\t\t\t<p>We advise you on choosing the most suitable materials based on your needs and budget.<\/p>\t\t\t\t\t\t\t\t<\/div>\n\t\t\t\t<\/div>\n\t\t<div class=\"elementor-element elementor-element-56e4eda e-con-full consultation-card e-flex e-con e-child\" data-id=\"56e4eda\" data-element_type=\"container\">\n\t\t\t\t<div class=\"elementor-element elementor-element-17f69fd elementor-view-default elementor-widget elementor-widget-icon\" data-id=\"17f69fd\" data-element_type=\"widget\" data-widget_type=\"icon.default\">\n\t\t\t\t\t\t\t<div class=\"elementor-icon-wrapper\">\n\t\t\t<div class=\"elementor-icon\">\n\t\t\t<svg xmlns=\"http:\/\/www.w3.org\/2000\/svg\" width=\"24\" height=\"24\" viewbox=\"0 0 24 24\" fill=\"none\" stroke=\"#fcc631\" stroke-width=\"2\" stroke-linecap=\"round\" stroke-linejoin=\"round\" class=\"lucide lucide-calculator w-10 h-10 text-accent\"><rect width=\"16\" height=\"20\" x=\"4\" y=\"2\" rx=\"2\"><\/rect><line x1=\"8\" x2=\"16\" y1=\"6\" y2=\"6\"><\/line><line x1=\"16\" x2=\"16\" y1=\"14\" y2=\"18\"><\/line><path d=\"M16 10h.01\"><\/path><path d=\"M12 10h.01\"><\/path><path d=\"M8 10h.01\"><\/path><path d=\"M12 14h.01\"><\/path><path d=\"M8 14h.01\"><\/path><path d=\"M12 18h.01\"><\/path><path d=\"M8 18h.01\"><\/path><\/svg>\t\t\t<\/div>\n\t\t<\/div>\n\t\t\t\t\t\t<\/div>\n\t\t\t\t<div class=\"elementor-element elementor-element-aa7c95d elementor-widget elementor-widget-heading\" data-id=\"aa7c95d\" data-element_type=\"widget\" data-widget_type=\"heading.default\">\n\t\t\t\t\t<h3 class=\"elementor-heading-title elementor-size-default\">Cost estimate<\/h3>\t\t\t\t<\/div>\n\t\t\t\t<div class=\"elementor-element elementor-element-5299abd elementor-widget elementor-widget-text-editor\" data-id=\"5299abd\" data-element_type=\"widget\" data-widget_type=\"text-editor.default\">\n\t\t\t\t\t\t\t\t\t<p>We prepare a realistic estimate of project costs and help you optimize spending.<\/p>\t\t\t\t\t\t\t\t<\/div>\n\t\t\t\t<\/div>\n\t\t<div class=\"elementor-element elementor-element-a1f354b e-con-full consultation-card e-flex e-con e-child\" data-id=\"a1f354b\" data-element_type=\"container\">\n\t\t\t\t<div class=\"elementor-element elementor-element-157279c elementor-view-default elementor-widget elementor-widget-icon\" data-id=\"157279c\" data-element_type=\"widget\" data-widget_type=\"icon.default\">\n\t\t\t\t\t\t\t<div class=\"elementor-icon-wrapper\">\n\t\t\t<div class=\"elementor-icon\">\n\t\t\t<svg xmlns=\"http:\/\/www.w3.org\/2000\/svg\" width=\"24\" height=\"24\" viewbox=\"0 0 24 24\" fill=\"none\" stroke=\"#fcc631\" stroke-width=\"2\" stroke-linecap=\"round\" stroke-linejoin=\"round\" class=\"lucide lucide-file-text w-10 h-10 text-accent\"><path d=\"M15 2H6a2 2 0 0 0-2 2v16a2 2 0 0 0 2 2h12a2 2 0 0 0 2-2V7Z\"><\/path><path d=\"M14 2v4a2 2 0 0 0 2 2h4\"><\/path><path d=\"M10 9H8\"><\/path><path d=\"M16 13H8\"><\/path><path d=\"M16 17H8\"><\/path><\/svg>\t\t\t<\/div>\n\t\t<\/div>\n\t\t\t\t\t\t<\/div>\n\t\t\t\t<div class=\"elementor-element elementor-element-3a0f5f1 elementor-widget elementor-widget-heading\" data-id=\"3a0f5f1\" data-element_type=\"widget\" data-widget_type=\"heading.default\">\n\t\t\t\t\t<h3 class=\"elementor-heading-title elementor-size-default\">Technical planning<\/h3>\t\t\t\t<\/div>\n\t\t\t\t<div class=\"elementor-element elementor-element-c51f15d elementor-widget elementor-widget-text-editor\" data-id=\"c51f15d\" data-element_type=\"widget\" data-widget_type=\"text-editor.default\">\n\t\t\t\t\t\t\t\t\t<p>We assist in the technical preparation of the project and planning the implementation of the work.<\/p>\t\t\t\t\t\t\t\t<\/div>\n\t\t\t\t<\/div>\n\t\t<div class=\"elementor-element elementor-element-4338477 e-con-full consultation-card e-flex e-con e-child\" data-id=\"4338477\" data-element_type=\"container\">\n\t\t\t\t<div class=\"elementor-element elementor-element-8295e40 elementor-view-default elementor-widget elementor-widget-icon\" data-id=\"8295e40\" data-element_type=\"widget\" data-widget_type=\"icon.default\">\n\t\t\t\t\t\t\t<div class=\"elementor-icon-wrapper\">\n\t\t\t<div class=\"elementor-icon\">\n\t\t\t<svg xmlns=\"http:\/\/www.w3.org\/2000\/svg\" width=\"24\" height=\"24\" viewbox=\"0 0 24 24\" fill=\"none\" stroke=\"#fcc631\" stroke-width=\"2\" stroke-linecap=\"round\" stroke-linejoin=\"round\" class=\"lucide lucide-message-square w-16 h-16 mx-auto mb-6 text-accent\"><path d=\"M21 15a2 2 0 0 1-2 2H7l-4 4V5a2 2 0 0 1 2-2h14a2 2 0 0 1 2 2z\"><\/path><\/svg>\t\t\t<\/div>\n\t\t<\/div>\n\t\t\t\t\t\t<\/div>\n\t\t\t\t<div class=\"elementor-element elementor-element-7b84d97 elementor-widget elementor-widget-heading\" data-id=\"7b84d97\" data-element_type=\"widget\" data-widget_type=\"heading.default\">\n\t\t\t\t\t<h3 class=\"elementor-heading-title elementor-size-default\">Project consulting<\/h3>\t\t\t\t<\/div>\n\t\t\t\t<div class=\"elementor-element elementor-element-5fe6cf4 elementor-widget elementor-widget-text-editor\" data-id=\"5fe6cf4\" data-element_type=\"widget\" data-widget_type=\"text-editor.default\">\n\t\t\t\t\t\t\t\t\t<p>We offer expert advice for all phases of your construction project.<\/p>\t\t\t\t\t\t\t\t<\/div>\n\t\t\t\t<\/div>\n\t\t\t\t<\/div>\n\t\t\t\t\t<\/div>\n\t\t\t\t<\/div>\n\t\t<div class=\"elementor-element elementor-element-cecccd6 e-flex e-con-boxed e-con e-parent\" data-id=\"cecccd6\" data-element_type=\"container\" data-settings=\"{&quot;background_background&quot;:&quot;classic&quot;}\">\n\t\t\t\t\t<div class=\"e-con-inner\">\n\t\t\t\t<div class=\"elementor-element elementor-element-9efe10e elementor-widget elementor-widget-heading\" data-id=\"9efe10e\" data-element_type=\"widget\" data-widget_type=\"heading.default\">\n\t\t\t\t\t<h2 class=\"elementor-heading-title elementor-size-default\">Why is counseling important?<\/h2>\t\t\t\t<\/div>\n\t\t<div class=\"elementor-element elementor-element-feec993 e-grid e-con-full e-con e-child\" data-id=\"feec993\" data-element_type=\"container\">\n\t\t\t\t<div class=\"elementor-element elementor-element-76441c0 elementor-icon-list--layout-traditional elementor-list-item-link-full_width elementor-widget elementor-widget-icon-list\" data-id=\"76441c0\" data-element_type=\"widget\" data-widget_type=\"icon-list.default\">\n\t\t\t\t\t\t\t<ul class=\"elementor-icon-list-items\">\n\t\t\t\t\t\t\t<li class=\"elementor-icon-list-item\">\n\t\t\t\t\t\t\t\t\t\t\t<span class=\"elementor-icon-list-icon\">\n\t\t\t\t\t\t\t<svg xmlns=\"http:\/\/www.w3.org\/2000\/svg\" width=\"24\" height=\"24\" viewbox=\"0 0 24 24\" fill=\"none\" stroke=\"#fcc631\" stroke-width=\"2\" stroke-linecap=\"round\" stroke-linejoin=\"round\" class=\"lucide lucide-circle-check-big w-6 h-6 text-accent mt-0.5 flex-shrink-0\"><path d=\"M21.801 10A10 10 0 1 1 17 3.335\"><\/path><path d=\"m9 11 3 3L22 4\"><\/path><\/svg>\t\t\t\t\t\t<\/span>\n\t\t\t\t\t\t\t\t\t\t<span class=\"elementor-icon-list-text\">Save time and money with our experience<\/span>\n\t\t\t\t\t\t\t\t\t<\/li>\n\t\t\t\t\t\t\t\t<li class=\"elementor-icon-list-item\">\n\t\t\t\t\t\t\t\t\t\t\t<span class=\"elementor-icon-list-icon\">\n\t\t\t\t\t\t\t<svg xmlns=\"http:\/\/www.w3.org\/2000\/svg\" width=\"24\" height=\"24\" viewbox=\"0 0 24 24\" fill=\"none\" stroke=\"#fcc631\" stroke-width=\"2\" stroke-linecap=\"round\" stroke-linejoin=\"round\" class=\"lucide lucide-circle-check-big w-6 h-6 text-accent mt-0.5 flex-shrink-0\"><path d=\"M21.801 10A10 10 0 1 1 17 3.335\"><\/path><path d=\"m9 11 3 3L22 4\"><\/path><\/svg>\t\t\t\t\t\t<\/span>\n\t\t\t\t\t\t\t\t\t\t<span class=\"elementor-icon-list-text\">Plan the project rationally and professionally<\/span>\n\t\t\t\t\t\t\t\t\t<\/li>\n\t\t\t\t\t\t\t\t<li class=\"elementor-icon-list-item\">\n\t\t\t\t\t\t\t\t\t\t\t<span class=\"elementor-icon-list-icon\">\n\t\t\t\t\t\t\t<svg xmlns=\"http:\/\/www.w3.org\/2000\/svg\" width=\"24\" height=\"24\" viewbox=\"0 0 24 24\" fill=\"none\" stroke=\"#fcc631\" stroke-width=\"2\" stroke-linecap=\"round\" stroke-linejoin=\"round\" class=\"lucide lucide-circle-check-big w-6 h-6 text-accent mt-0.5 flex-shrink-0\"><path d=\"M21.801 10A10 10 0 1 1 17 3.335\"><\/path><path d=\"m9 11 3 3L22 4\"><\/path><\/svg>\t\t\t\t\t\t<\/span>\n\t\t\t\t\t\t\t\t\t\t<span class=\"elementor-icon-list-text\">Achieve the best value for money<\/span>\n\t\t\t\t\t\t\t\t\t<\/li>\n\t\t\t\t\t\t<\/ul>\n\t\t\t\t\t\t<\/div>\n\t\t\t\t<div class=\"elementor-element elementor-element-06ea547 elementor-icon-list--layout-traditional elementor-list-item-link-full_width elementor-widget elementor-widget-icon-list\" data-id=\"06ea547\" data-element_type=\"widget\" data-widget_type=\"icon-list.default\">\n\t\t\t\t\t\t\t<ul class=\"elementor-icon-list-items\">\n\t\t\t\t\t\t\t<li class=\"elementor-icon-list-item\">\n\t\t\t\t\t\t\t\t\t\t\t<span class=\"elementor-icon-list-icon\">\n\t\t\t\t\t\t\t<svg xmlns=\"http:\/\/www.w3.org\/2000\/svg\" width=\"24\" height=\"24\" viewbox=\"0 0 24 24\" fill=\"none\" stroke=\"#fcc631\" stroke-width=\"2\" stroke-linecap=\"round\" stroke-linejoin=\"round\" class=\"lucide lucide-circle-check-big w-6 h-6 text-accent mt-0.5 flex-shrink-0\"><path d=\"M21.801 10A10 10 0 1 1 17 3.335\"><\/path><path d=\"m9 11 3 3L22 4\"><\/path><\/svg>\t\t\t\t\t\t<\/span>\n\t\t\t\t\t\t\t\t\t\t<span class=\"elementor-icon-list-text\">Avoid common construction mistakes<\/span>\n\t\t\t\t\t\t\t\t\t<\/li>\n\t\t\t\t\t\t\t\t<li class=\"elementor-icon-list-item\">\n\t\t\t\t\t\t\t\t\t\t\t<span class=\"elementor-icon-list-icon\">\n\t\t\t\t\t\t\t<svg xmlns=\"http:\/\/www.w3.org\/2000\/svg\" width=\"24\" height=\"24\" viewbox=\"0 0 24 24\" fill=\"none\" stroke=\"#fcc631\" stroke-width=\"2\" stroke-linecap=\"round\" stroke-linejoin=\"round\" class=\"lucide lucide-circle-check-big w-6 h-6 text-accent mt-0.5 flex-shrink-0\"><path d=\"M21.801 10A10 10 0 1 1 17 3.335\"><\/path><path d=\"m9 11 3 3L22 4\"><\/path><\/svg>\t\t\t\t\t\t<\/span>\n\t\t\t\t\t\t\t\t\t\t<span class=\"elementor-icon-list-text\">Get a realistic estimate of project duration<\/span>\n\t\t\t\t\t\t\t\t\t<\/li>\n\t\t\t\t\t\t\t\t<li class=\"elementor-icon-list-item\">\n\t\t\t\t\t\t\t\t\t\t\t<span class=\"elementor-icon-list-icon\">\n\t\t\t\t\t\t\t<svg xmlns=\"http:\/\/www.w3.org\/2000\/svg\" width=\"24\" height=\"24\" viewbox=\"0 0 24 24\" fill=\"none\" stroke=\"#fcc631\" stroke-width=\"2\" stroke-linecap=\"round\" stroke-linejoin=\"round\" class=\"lucide lucide-circle-check-big w-6 h-6 text-accent mt-0.5 flex-shrink-0\"><path d=\"M21.801 10A10 10 0 1 1 17 3.335\"><\/path><path d=\"m9 11 3 3L22 4\"><\/path><\/svg>\t\t\t\t\t\t<\/span>\n\t\t\t\t\t\t\t\t\t\t<span class=\"elementor-icon-list-text\">Implement the project cost-effectively<\/span>\n\t\t\t\t\t\t\t\t\t<\/li>\n\t\t\t\t\t\t<\/ul>\n\t\t\t\t\t\t<\/div>\n\t\t\t\t<\/div>\n\t\t\t\t\t<\/div>\n\t\t\t\t<\/div>\n\t\t<div class=\"elementor-element elementor-element-179add4 e-flex e-con-boxed e-con e-parent\" data-id=\"179add4\" data-element_type=\"container\" data-settings=\"{&quot;background_background&quot;:&quot;classic&quot;}\">\n\t\t\t\t\t<div class=\"e-con-inner\">\n\t\t\t\t<div class=\"elementor-element elementor-element-ad5203e elementor-widget elementor-widget-heading\" data-id=\"ad5203e\" data-element_type=\"widget\" data-widget_type=\"heading.default\">\n\t\t\t\t\t<h2 class=\"elementor-heading-title elementor-size-default\">How does counseling work?<\/h2>\t\t\t\t<\/div>\n\t\t<div class=\"elementor-element elementor-element-91c9679 e-con-full e-flex e-con e-child\" data-id=\"91c9679\" data-element_type=\"container\">\n\t\t<div class=\"elementor-element elementor-element-b053c1d e-con-full e-flex e-con e-child\" data-id=\"b053c1d\" data-element_type=\"container\">\n\t\t\t\t<div class=\"elementor-element elementor-element-99816fd elementor-widget elementor-widget-heading\" data-id=\"99816fd\" data-element_type=\"widget\" data-widget_type=\"heading.default\">\n\t\t\t\t\t<div class=\"elementor-heading-title elementor-size-default\">1<\/div>\t\t\t\t<\/div>\n\t\t<div class=\"elementor-element elementor-element-4a1190e e-con-full e-flex e-con e-child\" data-id=\"4a1190e\" data-element_type=\"container\">\n\t\t\t\t<div class=\"elementor-element elementor-element-ec5f4a1 elementor-widget elementor-widget-heading\" data-id=\"ec5f4a1\" data-element_type=\"widget\" data-widget_type=\"heading.default\">\n\t\t\t\t\t<h3 class=\"elementor-heading-title elementor-size-default\">Contact us<\/h3>\t\t\t\t<\/div>\n\t\t\t\t<div class=\"elementor-element elementor-element-808214d elementor-widget elementor-widget-text-editor\" data-id=\"808214d\" data-element_type=\"widget\" data-widget_type=\"text-editor.default\">\n\t\t\t\t\t\t\t\t\t<p>Write to us or call to arrange a free consultation.<\/p>\t\t\t\t\t\t\t\t<\/div>\n\t\t\t\t<\/div>\n\t\t\t\t<\/div>\n\t\t<div class=\"elementor-element elementor-element-d4c084a e-con-full e-flex e-con e-child\" data-id=\"d4c084a\" data-element_type=\"container\">\n\t\t\t\t<div class=\"elementor-element elementor-element-2809c46 elementor-widget elementor-widget-heading\" data-id=\"2809c46\" data-element_type=\"widget\" data-widget_type=\"heading.default\">\n\t\t\t\t\t<div class=\"elementor-heading-title elementor-size-default\">2<\/div>\t\t\t\t<\/div>\n\t\t<div class=\"elementor-element elementor-element-0e838fe e-con-full e-flex e-con e-child\" data-id=\"0e838fe\" data-element_type=\"container\">\n\t\t\t\t<div class=\"elementor-element elementor-element-cd9c29d elementor-widget elementor-widget-heading\" data-id=\"cd9c29d\" data-element_type=\"widget\" data-widget_type=\"heading.default\">\n\t\t\t\t\t<h3 class=\"elementor-heading-title elementor-size-default\">View project<\/h3>\t\t\t\t<\/div>\n\t\t\t\t<div class=\"elementor-element elementor-element-7051216 elementor-widget elementor-widget-text-editor\" data-id=\"7051216\" data-element_type=\"widget\" data-widget_type=\"text-editor.default\">\n\t\t\t\t\t\t\t\t\t<p>We visit you at your location and review the scope of work and your wishes.<\/p>\t\t\t\t\t\t\t\t<\/div>\n\t\t\t\t<\/div>\n\t\t\t\t<\/div>\n\t\t<div class=\"elementor-element elementor-element-274422c e-con-full e-flex e-con e-child\" data-id=\"274422c\" data-element_type=\"container\">\n\t\t\t\t<div class=\"elementor-element elementor-element-f257c3c elementor-widget elementor-widget-heading\" data-id=\"f257c3c\" data-element_type=\"widget\" data-widget_type=\"heading.default\">\n\t\t\t\t\t<div class=\"elementor-heading-title elementor-size-default\">3<\/div>\t\t\t\t<\/div>\n\t\t<div class=\"elementor-element elementor-element-8aca56b e-con-full e-flex e-con e-child\" data-id=\"8aca56b\" data-element_type=\"container\">\n\t\t\t\t<div class=\"elementor-element elementor-element-fc8f250 elementor-widget elementor-widget-heading\" data-id=\"fc8f250\" data-element_type=\"widget\" data-widget_type=\"heading.default\">\n\t\t\t\t\t<h3 class=\"elementor-heading-title elementor-size-default\">Expert assessment<\/h3>\t\t\t\t<\/div>\n\t\t\t\t<div class=\"elementor-element elementor-element-bfe9579 elementor-widget elementor-widget-text-editor\" data-id=\"bfe9579\" data-element_type=\"widget\" data-widget_type=\"text-editor.default\">\n\t\t\t\t\t\t\t\t\t<p>We prepare an estimate of the necessary materials, time and implementation costs.<\/p>\t\t\t\t\t\t\t\t<\/div>\n\t\t\t\t<\/div>\n\t\t\t\t<\/div>\n\t\t<div class=\"elementor-element elementor-element-88a305d e-con-full e-flex e-con e-child\" data-id=\"88a305d\" data-element_type=\"container\">\n\t\t\t\t<div class=\"elementor-element elementor-element-faa0035 elementor-widget elementor-widget-heading\" data-id=\"faa0035\" data-element_type=\"widget\" data-widget_type=\"heading.default\">\n\t\t\t\t\t<div class=\"elementor-heading-title elementor-size-default\">4<\/div>\t\t\t\t<\/div>\n\t\t<div class=\"elementor-element elementor-element-93985dc e-con-full e-flex e-con e-child\" data-id=\"93985dc\" data-element_type=\"container\">\n\t\t\t\t<div class=\"elementor-element elementor-element-82300dd elementor-widget elementor-widget-heading\" data-id=\"82300dd\" data-element_type=\"widget\" data-widget_type=\"heading.default\">\n\t\t\t\t\t<h3 class=\"elementor-heading-title elementor-size-default\">Contact us<\/h3>\t\t\t\t<\/div>\n\t\t\t\t<div class=\"elementor-element elementor-element-4afd24b elementor-widget elementor-widget-text-editor\" data-id=\"4afd24b\" data-element_type=\"widget\" data-widget_type=\"text-editor.default\">\n\t\t\t\t\t\t\t\t\t<p>We will present you with the best solutions and prepare a detailed offer.<\/p>\t\t\t\t\t\t\t\t<\/div>\n\t\t\t\t<\/div>\n\t\t\t\t<\/div>\n\t\t\t\t<\/div>\n\t\t\t\t\t<\/div>\n\t\t\t\t<\/div>\n\t\t<div class=\"elementor-element elementor-element-37e16d3 e-flex e-con-boxed e-con e-parent\" data-id=\"37e16d3\" data-element_type=\"container\" data-settings=\"{&quot;background_background&quot;:&quot;classic&quot;}\">\n\t\t\t\t\t<div class=\"e-con-inner\">\n\t\t\t\t<div class=\"elementor-element elementor-element-d16a2b8 elementor-widget elementor-widget-heading\" data-id=\"d16a2b8\" data-element_type=\"widget\" data-widget_type=\"heading.default\">\n\t\t\t\t\t<h2 class=\"elementor-heading-title elementor-size-default\">Ready for a free consultation?<\/h2>\t\t\t\t<\/div>\n\t\t\t\t<div class=\"elementor-element elementor-element-e025460 elementor-widget__width-initial elementor-widget-mobile__width-inherit elementor-widget elementor-widget-text-editor\" data-id=\"e025460\" data-element_type=\"widget\" data-widget_type=\"text-editor.default\">\n\t\t\t\t\t\t\t\t\t<p>Contact us today and get an expert opinion for your project.<\/p>\t\t\t\t\t\t\t\t<\/div>\n\t\t\t\t<div class=\"elementor-element elementor-element-d3d543c elementor-mobile-align-justify elementor-widget-mobile__width-inherit elementor-widget elementor-widget-button\" data-id=\"d3d543c\" data-element_type=\"widget\" data-widget_type=\"button.default\">\n\t\t\t\t\t\t\t\t\t\t<a class=\"elementor-button elementor-button-link elementor-size-sm\" href=\"https:\/\/www.ac-kolor.si\/en\/contact\/\">\n\t\t\t\t\t\t<span class=\"elementor-button-content-wrapper\">\n\t\t\t\t\t\t<span class=\"elementor-button-icon\">\n\t\t\t\t<svg xmlns=\"http:\/\/www.w3.org\/2000\/svg\" width=\"24\" height=\"24\" viewbox=\"0 0 24 24\" fill=\"none\" stroke=\"#262626\" stroke-width=\"2\" stroke-linecap=\"round\" stroke-linejoin=\"round\" class=\"lucide lucide-arrow-right ml-2 h-5 w-5\"><path d=\"M5 12h14\"><\/path><path d=\"m12 5 7 7-7 7\"><\/path><\/svg>\t\t\t<\/span>\n\t\t\t\t\t\t\t\t\t<span class=\"elementor-button-text\">Contact us<\/span>\n\t\t\t\t\t<\/span>\n\t\t\t\t\t<\/a>\n\t\t\t\t\t\t\t\t<\/div>\n\t\t\t\t\t<\/div>\n\t\t\t\t<\/div>\n\t\t\t\t<\/div>","protected":false},"excerpt":{"rendered":"<p>Strokovno svetovanje Nudimo brezpla\u010dne konzultacije za va\u0161 gradbeni projekt. Z dolgoletnimi izku\u0161njami vam pomagamo sprejeti prave odlo\u010ditve. Podro\u010dja svetovanja Svetujemo vam na vseh podro\u010djih gradbeni\u0161tva in obrtni\u0161kih del Izbira materialov Svetujemo vam pri izbiri najbolj primernih materialov glede na va\u0161e potrebe in prora\u010dun. Ocena stro\u0161kov Pripravimo realno oceno stro\u0161kov projekta in vam pomagamo optimizirati porabo. [&hellip;]<\/p>","protected":false},"author":1,"featured_media":0,"parent":0,"menu_order":0,"comment_status":"closed","ping_status":"closed","template":"","meta":{"footnotes":""},"class_list":["post-198","page","type-page","status-publish","hentry"],"_links":{"self":[{"href":"https:\/\/www.ac-kolor.si\/en\/wp-json\/wp\/v2\/pages\/198","targetHints":{"allow":["GET"]}}],"collection":[{"href":"https:\/\/www.ac-kolor.si\/en\/wp-json\/wp\/v2\/pages"}],"about":[{"href":"https:\/\/www.ac-kolor.si\/en\/wp-json\/wp\/v2\/types\/page"}],"author":[{"embeddable":true,"href":"https:\/\/www.ac-kolor.si\/en\/wp-json\/wp\/v2\/users\/1"}],"replies":[{"embeddable":true,"href":"https:\/\/www.ac-kolor.si\/en\/wp-json\/wp\/v2\/comments?post=198"}],"version-history":[{"count":19,"href":"https:\/\/www.ac-kolor.si\/en\/wp-json\/wp\/v2\/pages\/198\/revisions"}],"predecessor-version":[{"id":324,"href":"https:\/\/www.ac-kolor.si\/en\/wp-json\/wp\/v2\/pages\/198\/revisions\/324"}],"wp:attachment":[{"href":"https:\/\/www.ac-kolor.si\/en\/wp-json\/wp\/v2\/media?parent=198"}],"curies":[{"name":"wp","href":"https:\/\/api.w.org\/{rel}","templated":true}]}}