{"id":3,"date":"2025-11-25T10:28:29","date_gmt":"2025-11-25T10:28:29","guid":{"rendered":"http:\/\/domenp27.sg-host.com\/?page_id=3"},"modified":"2025-11-26T12:17:27","modified_gmt":"2025-11-26T11:17:27","slug":"datenschutzrichtlinie","status":"publish","type":"page","link":"https:\/\/www.ac-kolor.si\/de\/datenschutzrichtlinie\/","title":{"rendered":"Datenschutzrichtlinie"},"content":{"rendered":"<h2 class=\"wp-block-heading\">1. Verantwortlicher f\u00fcr die Verarbeitung personenbezogener Daten<\/h2>\n\n\n\n<p>Verantwortlicher f\u00fcr die Verarbeitung personenbezogener Daten ist:<\/p>\n\n\n\n<p><strong>AC-KOLOR doo.<\/strong><br>Wiener Stra\u00dfe 105<br>1000 Ljubljana, Slowenien<br>Registrierungsnummer: 6341292000<br>Steuernummer: 60908122<br>E-Mail: <a href=\"mailto:info@ac-kolor.si\">info@ac-kolor.si<\/a><\/p>\n\n\n\n<p>Verantwortliche Person f\u00fcr den Schutz personenbezogener Daten: <strong>Kajtezovic Senada<\/strong><\/p>\n\n\n\n<h2 class=\"wp-block-heading\">2. Welche personenbezogenen Daten erheben wir und warum?<\/h2>\n\n\n\n<p>Auf der Website <a href=\"https:\/\/www.ac-kolor.si\/de\">https:\/\/ac-kolor.si<\/a> Wir erheben Daten ausschlie\u00dflich zum Zweck der Beantwortung von Anfragen und der Erstellung eines Angebots.<\/p>\n\n\n\n<h3 class=\"wp-block-heading\">Kontaktformular<\/h3>\n\n\n\n<p>Wenn Sie das Formular absenden, erfassen wir folgende Informationen:<\/p>\n\n\n\n<ul class=\"wp-block-list\">\n<li>Vor- und Nachname<\/li>\n\n\n\n<li>E-Mail-Adresse<\/li>\n\n\n\n<li>Telefonnummer<\/li>\n\n\n\n<li>Serviceauswahl<\/li>\n\n\n\n<li>Nachricht<\/li>\n<\/ul>\n\n\n\n<p><strong>Zweck der Verarbeitung:<\/strong> Kommunikation mit potenziellen Kunden, Erstellung von Angeboten und Beantwortung von Anfragen.<br><strong>Rechtsgrundlage:<\/strong> 6(1)(b) DSGVO \u2013 Vorbereitende Ma\u00dfnahmen auf Anfrage der betroffenen Person vor Vertragsabschluss.<\/p>\n\n\n\n<h2 class=\"wp-block-heading\">3. Aufbewahrung personenbezogener Daten<\/h2>\n\n\n\n<p>Die Daten werden so lange gespeichert, wie es f\u00fcr die Verarbeitung erforderlich ist:<\/p>\n\n\n\n<figure class=\"wp-block-table\"><table class=\"has-fixed-layout\"><thead><tr><th>Datentyp<\/th><th>Aufbewahrungszeit<\/th><\/tr><\/thead><tbody><tr><td>Kontaktformulardaten<\/td><td>bis zu 1 Jahr oder bis zur K\u00fcndigung<\/td><\/tr><tr><td>Daten, die sich auf einen sp\u00e4ter abgeschlossenen Vertrag beziehen<\/td><td>in \u00dcbereinstimmung mit den gesetzlichen Verpflichtungen (Rechnungslegungsvorschriften)<\/td><\/tr><\/tbody><\/table><\/figure>\n\n\n\n<p>Nach Ablauf der Frist werden die Daten sicher gel\u00f6scht oder anonymisiert.<\/p>\n\n\n\n<h2 class=\"wp-block-heading\">4. Zugriff auf personenbezogene Daten<\/h2>\n\n\n\n<p>Nur die folgenden Personen haben Zugriff auf Ihre personenbezogenen Daten:<\/p>\n\n\n\n<ul class=\"wp-block-list\">\n<li>autorisierte Mitarbeiter von AC-KOLOR doo,<\/li>\n\n\n\n<li>Vertragsverarbeiter, falls erforderlich (z. B. Webhosting-Anbieter).<\/li>\n<\/ul>\n\n\n\n<p>Alle Auftragsverarbeiter gew\u00e4hrleisten ein angemessenes Niveau des Schutzes personenbezogener Daten gem\u00e4\u00df der DSGVO.<\/p>\n\n\n\n<p>Unternehmen <strong>gibt keine personenbezogenen Daten an Dritte weiter<\/strong> und ihnen <strong>exportiert nicht in Drittl\u00e4nder<\/strong> (au\u00dferhalb der EU\/des EWR).<\/p>\n\n\n\n<h2 class=\"wp-block-heading\">5. Cookies und Analysen<\/h2>\n\n\n\n<p>Die Website verwendet bestimmte Cookies, darunter auch Cookies f\u00fcr Analyse- und Marketingzwecke. <strong>ausschlie\u00dflich mit Ihrer Zustimmung installiert<\/strong>.<\/p>\n\n\n\n<p>Einzelheiten zu Cookie-Typen und Verwaltungsoptionen finden Sie in <strong><a href=\"https:\/\/domenp27.sg-host.com\/politika-piskotkov\/\" data-type=\"page\" data-id=\"340\">Cookie-Richtlinie<\/a><\/strong>.<\/p>\n\n\n\n<h2 class=\"wp-block-heading\">6. Datensicherheit<\/h2>\n\n\n\n<p>AC-KOLOR doo setzt technische und organisatorische Ma\u00dfnahmen ein, um personenbezogene Daten vor Folgendem zu sch\u00fctzen:<\/p>\n\n\n\n<ul class=\"wp-block-list\">\n<li>Verlust,<\/li>\n\n\n\n<li>Missbrauch,<\/li>\n\n\n\n<li>unbefugter Zugriff,<\/li>\n\n\n\n<li>Offenlegung oder \u00c4nderung.<\/li>\n<\/ul>\n\n\n\n<p>Die Daten\u00fcbertragung erfolgt \u00fcber eine sichere HTTPS-Verbindung.<\/p>\n\n\n\n<h2 class=\"wp-block-heading\">7. Rechte des Einzelnen<\/h2>\n\n\n\n<p>Gem\u00e4\u00df der DSGVO haben Sie das Recht auf:<\/p>\n\n\n\n<ul class=\"wp-block-list\">\n<li><strong>Zugriffsdaten<\/strong> (Einblick in die Art der von uns gespeicherten Daten),<\/li>\n\n\n\n<li><strong>Korrektur ungenauer Daten<\/strong>,<\/li>\n\n\n\n<li><strong>Streichung<\/strong> (&quot;Recht auf Vergessenwerden&quot;),<\/li>\n\n\n\n<li><strong>Verarbeitungsbeschr\u00e4nkungen<\/strong>,<\/li>\n\n\n\n<li><strong>Datenempfang<\/strong> in strukturierter Form,<\/li>\n\n\n\n<li><strong>Widerspruch gegen die Datenverarbeitung<\/strong>,<\/li>\n\n\n\n<li><strong>Widerruf der Einwilligung<\/strong>, wenn die Grundlage die Einwilligung ist.<\/li>\n<\/ul>\n\n\n\n<p>Um Ihre Rechte auszu\u00fcben, kontaktieren Sie uns unter <a href=\"mailto:info@ac-kolor.si\">info@ac-kolor.si<\/a>.<br>Wir werden Ihre Anfrage sp\u00e4testens innerhalb von 30 Tagen beantworten.<\/p>\n\n\n\n<p>Wenn Sie der Ansicht sind, dass Ihre Rechte verletzt wurden, k\u00f6nnen Sie eine Beschwerde einreichen bei:<\/p>\n\n\n\n<p><strong>Informationsbeauftragter der Republik Slowenien<\/strong><br><a href=\"http:\/\/www.ip-rs.si\" target=\"_blank\" rel=\"noreferrer noopener\">www.ip-rs.si<\/a><\/p>\n\n\n\n<h2 class=\"wp-block-heading\">8. \u00c4nderungen der Datenschutzrichtlinie<\/h2>\n\n\n\n<p>Wir behalten uns das Recht vor, die Datenschutzrichtlinie gegebenenfalls zu aktualisieren.<br>Die jeweils aktuelle Version wird stets auf dieser Website ver\u00f6ffentlicht.<\/p>","protected":false},"excerpt":{"rendered":"<p>1. Upravljavec osebnih podatkov Upravljavec osebnih podatkov je: AC-KOLOR d.o.o.Dunajska cesta 1051000 Ljubljana, SlovenijaMati\u010dna \u0161tevilka: 6341292000Dav\u010dna \u0161tevilka: 60908122E-po\u0161ta: info@ac-kolor.si Odgovorna oseba za varstvo osebnih podatkov: Kajtezovi\u0107 Senada 2. Katere osebne podatke zbiramo in zakaj Na spletni strani https:\/\/ac-kolor.si zbiramo podatke izklju\u010dno z namenom odgovora na povpra\u0161evanje in priprave ponudbe. Kontaktni obrazec Ob oddaji obrazca zbiramo [&hellip;]<\/p>","protected":false},"author":1,"featured_media":0,"parent":0,"menu_order":0,"comment_status":"closed","ping_status":"closed","template":"","meta":{"footnotes":""},"class_list":["post-3","page","type-page","status-publish","hentry"],"_links":{"self":[{"href":"https:\/\/www.ac-kolor.si\/de\/wp-json\/wp\/v2\/pages\/3","targetHints":{"allow":["GET"]}}],"collection":[{"href":"https:\/\/www.ac-kolor.si\/de\/wp-json\/wp\/v2\/pages"}],"about":[{"href":"https:\/\/www.ac-kolor.si\/de\/wp-json\/wp\/v2\/types\/page"}],"author":[{"embeddable":true,"href":"https:\/\/www.ac-kolor.si\/de\/wp-json\/wp\/v2\/users\/1"}],"replies":[{"embeddable":true,"href":"https:\/\/www.ac-kolor.si\/de\/wp-json\/wp\/v2\/comments?post=3"}],"version-history":[{"count":2,"href":"https:\/\/www.ac-kolor.si\/de\/wp-json\/wp\/v2\/pages\/3\/revisions"}],"predecessor-version":[{"id":353,"href":"https:\/\/www.ac-kolor.si\/de\/wp-json\/wp\/v2\/pages\/3\/revisions\/353"}],"wp:attachment":[{"href":"https:\/\/www.ac-kolor.si\/de\/wp-json\/wp\/v2\/media?parent=3"}],"curies":[{"name":"wp","href":"https:\/\/api.w.org\/{rel}","templated":true}]}}