{"id":256,"date":"2025-11-26T10:15:53","date_gmt":"2025-11-26T09:15:53","guid":{"rendered":"https:\/\/domenp27.sg-host.com\/?page_id=256"},"modified":"2026-02-10T12:38:51","modified_gmt":"2026-02-10T11:38:51","slug":"kontakt","status":"publish","type":"page","link":"https:\/\/www.ac-kolor.si\/de\/kontakt\/","title":{"rendered":"Kontakt"},"content":{"rendered":"<div data-elementor-type=\"wp-page\" data-elementor-id=\"256\" class=\"elementor elementor-256\" data-elementor-post-type=\"page\">\n\t\t\t\t<div class=\"elementor-element elementor-element-78d37b0 e-flex e-con-boxed e-con e-parent\" data-id=\"78d37b0\" data-element_type=\"container\" data-settings=\"{&quot;background_background&quot;:&quot;classic&quot;}\">\n\t\t\t\t\t<div class=\"e-con-inner\">\n\t\t\t\t<div class=\"elementor-element elementor-element-59f301d elementor-widget elementor-widget-heading\" data-id=\"59f301d\" data-element_type=\"widget\" data-widget_type=\"heading.default\">\n\t\t\t\t\t<h1 class=\"elementor-heading-title elementor-size-default\">Kontakt<\/h1>\t\t\t\t<\/div>\n\t\t\t\t<div class=\"elementor-element elementor-element-d7bddfe elementor-widget__width-initial elementor-widget elementor-widget-heading\" data-id=\"d7bddfe\" data-element_type=\"widget\" data-widget_type=\"heading.default\">\n\t\t\t\t\t<p class=\"elementor-heading-title elementor-size-default\">Kontaktieren Sie uns f\u00fcr ein kostenloses Angebot oder eine Beratung.<\/p>\t\t\t\t<\/div>\n\t\t\t\t\t<\/div>\n\t\t\t\t<\/div>\n\t\t<div class=\"elementor-element elementor-element-05fb842 e-grid e-con-boxed e-con e-parent\" data-id=\"05fb842\" data-element_type=\"container\">\n\t\t\t\t\t<div class=\"e-con-inner\">\n\t\t<div class=\"elementor-element elementor-element-622de95 e-con-full e-flex e-con e-child\" data-id=\"622de95\" data-element_type=\"container\" id=\"povprasevanje\">\n\t\t\t\t<div class=\"elementor-element elementor-element-415b985 elementor-widget elementor-widget-heading\" data-id=\"415b985\" data-element_type=\"widget\" data-widget_type=\"heading.default\">\n\t\t\t\t\t<h2 class=\"elementor-heading-title elementor-size-default\">Anfrage senden<\/h2>\t\t\t\t<\/div>\n\t\t\t\t<div class=\"elementor-element elementor-element-76229e5 elementor-widget-mobile__width-inherit elementor-widget elementor-widget-text-editor\" data-id=\"76229e5\" data-element_type=\"widget\" data-widget_type=\"text-editor.default\">\n\t\t\t\t\t\t\t\t\t<p>F\u00fcllen Sie das untenstehende Formular aus, wir werden uns in K\u00fcrze mit Ihnen in Verbindung setzen.<\/p>\t\t\t\t\t\t\t\t<\/div>\n\t\t\t\t<div class=\"elementor-element elementor-element-4445a90 elementor-button-align-stretch elementor-widget elementor-widget-form\" data-id=\"4445a90\" data-element_type=\"widget\" data-settings=\"{&quot;step_next_label&quot;:&quot;Next&quot;,&quot;step_previous_label&quot;:&quot;Previous&quot;,&quot;button_width&quot;:&quot;100&quot;,&quot;step_type&quot;:&quot;number_text&quot;,&quot;step_icon_shape&quot;:&quot;circle&quot;}\" data-widget_type=\"form.default\">\n\t\t\t\t\t\t\t<form class=\"elementor-form\" method=\"post\" name=\"Contact Form\" aria-label=\"Kontaktformular\" novalidate=\"\" action=\"\">\n\t\t\t<input type=\"hidden\" name=\"post_id\" value=\"256\"\/>\n\t\t\t<input type=\"hidden\" name=\"form_id\" value=\"4445a90\"\/>\n\t\t\t<input type=\"hidden\" name=\"referer_title\" value=\"\" \/>\n\n\t\t\t\n\t\t\t<div class=\"elementor-form-fields-wrapper elementor-labels-above\">\n\t\t\t\t\t\t\t\t<div class=\"elementor-field-type-text elementor-field-group elementor-column elementor-field-group-name elementor-col-100\">\n\t\t\t\t\t\t\t\t\t\t\t\t<label for=\"form-field-name\" class=\"elementor-field-label\">\n\t\t\t\t\t\t\t\tVor- und Nachname\t\t\t\t\t\t\t<\/label>\n\t\t\t\t\t\t\t\t\t\t\t\t\t\t<input size=\"1\" type=\"text\" name=\"form_fields[name]\" id=\"form-field-name\" class=\"elementor-field elementor-size-sm  elementor-field-textual\" placeholder=\"Ihr Name\">\n\t\t\t\t\t\t\t\t\t\t\t<\/div>\n\t\t\t\t\t\t\t\t<div class=\"elementor-field-type-email elementor-field-group elementor-column elementor-field-group-email elementor-col-50 elementor-field-required elementor-mark-required\">\n\t\t\t\t\t\t\t\t\t\t\t\t<label for=\"form-field-email\" class=\"elementor-field-label\">\n\t\t\t\t\t\t\t\tE-Mail\t\t\t\t\t\t\t<\/label>\n\t\t\t\t\t\t\t\t\t\t\t\t\t\t<input size=\"1\" type=\"email\" name=\"form_fields[email]\" id=\"form-field-email\" class=\"elementor-field elementor-size-sm  elementor-field-textual\" placeholder=\"you@email.si\" required=\"required\">\n\t\t\t\t\t\t\t\t\t\t\t<\/div>\n\t\t\t\t\t\t\t\t<div class=\"elementor-field-type-tel elementor-field-group elementor-column elementor-field-group-telephone elementor-col-50\">\n\t\t\t\t\t\t\t\t\t\t\t\t<label for=\"form-field-telephone\" class=\"elementor-field-label\">\n\t\t\t\t\t\t\t\tTelefon\t\t\t\t\t\t\t<\/label>\n\t\t\t\t\t\t\t\t<input size=\"1\" type=\"tel\" name=\"form_fields[telephone]\" id=\"form-field-telephone\" class=\"elementor-field elementor-size-sm  elementor-field-textual\" placeholder=\"Telefonnummer\" pattern=\"[0-9()#&amp;+*-=.]+\" title=\"Nur Nummern oder Telefon-Zeichen (#, -, *, etc) werden akzeptiert.\">\n\n\t\t\t\t\t\t<\/div>\n\t\t\t\t\t\t\t\t<div class=\"elementor-field-type-select elementor-field-group elementor-column elementor-field-group-service elementor-col-100 elementor-field-required elementor-mark-required\">\n\t\t\t\t\t\t\t\t\t\t\t\t<label for=\"form-field-service\" class=\"elementor-field-label\">\n\t\t\t\t\t\t\t\tService\t\t\t\t\t\t\t<\/label>\n\t\t\t\t\t\t\t\t<div class=\"elementor-field elementor-select-wrapper remove-before\">\n\t\t\t<div class=\"select-caret-down-wrapper\">\n\t\t\t\t<svg aria-hidden=\"true\" class=\"e-font-icon-svg e-eicon-caret-down\" viewbox=\"0 0 571.4 571.4\" xmlns=\"http:\/\/www.w3.org\/2000\/svg\"><path d=\"M571 393Q571 407 561 418L311 668Q300 679 286 679T261 668L11 418Q0 407 0 393T11 368 36 357H536Q550 357 561 368T571 393Z\"><\/path><\/svg>\t\t\t<\/div>\n\t\t\t<select name=\"form_fields[service]\" id=\"form-field-service\" class=\"elementor-field-textual elementor-size-sm\" required=\"required\">\n\t\t\t\t\t\t\t\t\t<option value=\"Izberite storitev\">W\u00e4hlen Sie einen Dienst aus<\/option>\n\t\t\t\t\t\t\t\t\t<option value=\"Prenova stanovanj\">Wohnungsrenovierung<\/option>\n\t\t\t\t\t\t\t\t\t<option value=\"Fasaderstvo\">Fassadenarbeiten<\/option>\n\t\t\t\t\t\t\t\t\t<option value=\"Gradnja\">Konstruktion<\/option>\n\t\t\t\t\t\t\t\t\t<option value=\"Slikopleskarstvo\">Malerei<\/option>\n\t\t\t\t\t\t\t\t\t<option value=\"Suhomonta\u017ena gradnja\">Trockenbau<\/option>\n\t\t\t\t\t\t\t\t\t<option value=\"Polaganje keramike\">Verlegen von Keramik<\/option>\n\t\t\t\t\t\t\t<\/select>\n\t\t<\/div>\n\t\t\t\t\t\t<\/div>\n\t\t\t\t\t\t\t\t<div class=\"elementor-field-type-textarea elementor-field-group elementor-column elementor-field-group-message elementor-col-100\">\n\t\t\t\t\t\t\t\t\t\t\t\t<label for=\"form-field-message\" class=\"elementor-field-label\">\n\t\t\t\t\t\t\t\tNachricht\t\t\t\t\t\t\t<\/label>\n\t\t\t\t\t\t<textarea class=\"elementor-field-textual elementor-field  elementor-size-sm\" name=\"form_fields[message]\" id=\"form-field-message\" rows=\"4\" placeholder=\"Beschreiben Sie Ihr Projekt oder Ihre Anfrage...\"><\/textarea>\t\t\t\t<\/div>\n\t\t\t\t\t\t\t\t<div class=\"elementor-field-type-acceptance elementor-field-group elementor-column elementor-field-group-accept_terms elementor-col-100 elementor-field-required elementor-mark-required\">\n\t\t\t\t\t\t\t<div class=\"elementor-field-subgroup\">\n\t\t\t<span class=\"elementor-field-option\">\n\t\t\t\t<input type=\"checkbox\" name=\"form_fields[accept_terms]\" id=\"form-field-accept_terms\" class=\"elementor-field elementor-size-sm  elementor-acceptance-field\" required=\"required\">\n\t\t\t\t<label for=\"form-field-accept_terms\">Ich bin mir der folgenden Punkte bewusst und stimme ihnen zu: <a href=\"https:\/\/www.ac-kolor.si\/de\/datenschutzrichtlinie\/\" target=\"_blank\">Datenschutzrichtlinie<\/a>.<\/label>\t\t\t<\/span>\n\t\t<\/div>\n\t\t\t\t\t\t<\/div>\n\t\t\t\t\t\t\t\t<div class=\"elementor-field-type-text\">\n\t\t\t\t\t<input size=\"1\" type=\"text\" name=\"form_fields[field_7fa202f]\" id=\"form-field-field_7fa202f\" class=\"elementor-field elementor-size-sm\" style=\"display:none !important;\">\t\t\t\t<\/div>\n\t\t\t\t\t\t\t\t<div class=\"elementor-field-type-text\">\n\t\t\t\t\t<input size=\"1\" type=\"text\" name=\"form_fields[field_c8c4228]\" id=\"form-field-field_c8c4228\" class=\"elementor-field elementor-size-sm\" style=\"display:none !important;\">\t\t\t\t<\/div>\n\t\t\t\t\t\t\t\t<div class=\"elementor-field-type-text\">\n\t\t\t\t\t<input size=\"1\" type=\"text\" name=\"form_fields[field_fe141d1]\" id=\"form-field-field_fe141d1\" class=\"elementor-field elementor-size-sm\" style=\"display:none !important;\">\t\t\t\t<\/div>\n\t\t\t\t\t\t\t\t<div class=\"elementor-field-group elementor-column elementor-field-type-submit elementor-col-100 e-form__buttons\">\n\t\t\t\t\t<button class=\"elementor-button elementor-size-sm\" type=\"submit\">\n\t\t\t\t\t\t<span class=\"elementor-button-content-wrapper\">\n\t\t\t\t\t\t\t\t\t\t\t\t\t\t\t\t\t\t\t\t\t\t<span class=\"elementor-button-text\">Nachricht senden<\/span>\n\t\t\t\t\t\t\t\t\t\t\t\t\t<\/span>\n\t\t\t\t\t<\/button>\n\t\t\t\t<\/div>\n\t\t\t<\/div>\n\t\t<input type=\"hidden\" name=\"trp-form-language\" value=\"de\"\/><\/form>\n\t\t\t\t\t\t<\/div>\n\t\t\t\t<div class=\"elementor-element elementor-element-7c66f25 elementor-widget elementor-widget-html\" data-id=\"7c66f25\" data-element_type=\"widget\" data-widget_type=\"html.default\">\n\t\t\t\t\t<script>\r\ndocument.addEventListener('DOMContentLoaded', function() {\r\n    const select = document.querySelector('select[name=\"form_fields[service]\"]');\r\n    \r\n    if (select) {\r\n        \/\/ Disable the first option \"Izberite storitev\"\r\n        select.options[0].disabled = true;\r\n\r\n        \/\/ Prevent selecting it again if user tries\r\n        select.addEventListener('change', function() {\r\n            if (this.value === \"\" || this.selectedIndex === 0) {\r\n                this.setCustomValidity(\"Izberite eno od storitev.\");\r\n            } else {\r\n                this.setCustomValidity(\"\");\r\n            }\r\n        });\r\n    }\r\n});\r\n<\/script>\t\t\t\t<\/div>\n\t\t\t\t<\/div>\n\t\t<div class=\"elementor-element elementor-element-5ff1d45 e-con-full e-flex e-con e-child\" data-id=\"5ff1d45\" data-element_type=\"container\">\n\t\t\t\t<div class=\"elementor-element elementor-element-9b4475e elementor-widget elementor-widget-heading\" data-id=\"9b4475e\" data-element_type=\"widget\" data-widget_type=\"heading.default\">\n\t\t\t\t\t<h2 class=\"elementor-heading-title elementor-size-default\">Kontaktinformationen<\/h2>\t\t\t\t<\/div>\n\t\t<div class=\"elementor-element elementor-element-1f41c57 e-con-full service-card e-flex e-con e-child\" data-id=\"1f41c57\" data-element_type=\"container\">\n\t\t<div class=\"elementor-element elementor-element-96486cb e-con-full e-flex e-con e-child\" data-id=\"96486cb\" data-element_type=\"container\">\n\t\t\t\t<div class=\"elementor-element elementor-element-0d82d30 elementor-view-default elementor-widget elementor-widget-icon\" data-id=\"0d82d30\" data-element_type=\"widget\" data-widget_type=\"icon.default\">\n\t\t\t\t\t\t\t<div class=\"elementor-icon-wrapper\">\n\t\t\t<div class=\"elementor-icon\">\n\t\t\t<svg xmlns=\"http:\/\/www.w3.org\/2000\/svg\" width=\"16\" height=\"16\" viewbox=\"0 0 24 24\" fill=\"none\" stroke=\"#FAFAFA\" stroke-width=\"2\" stroke-linecap=\"round\" stroke-linejoin=\"round\" class=\"lucide lucide-phone mt-0.5 flex-shrink-0\"><path d=\"M22 16.92v3a2 2 0 0 1-2.18 2 19.79 19.79 0 0 1-8.63-3.07 19.5 19.5 0 0 1-6-6 19.79 19.79 0 0 1-3.07-8.67A2 2 0 0 1 4.11 2h3a2 2 0 0 1 2 1.72 12.84 12.84 0 0 0 .7 2.81 2 2 0 0 1-.45 2.11L8.09 9.91a16 16 0 0 0 6 6l1.27-1.27a2 2 0 0 1 2.11-.45 12.84 12.84 0 0 0 2.81.7A2 2 0 0 1 22 16.92z\"><\/path><\/svg>\t\t\t<\/div>\n\t\t<\/div>\n\t\t\t\t\t\t<\/div>\n\t\t\t\t<div class=\"elementor-element elementor-element-f1fb258 elementor-widget elementor-widget-heading\" data-id=\"f1fb258\" data-element_type=\"widget\" data-widget_type=\"heading.default\">\n\t\t\t\t\t<h3 class=\"elementor-heading-title elementor-size-default\">Telefon<\/h3>\t\t\t\t<\/div>\n\t\t\t\t<\/div>\n\t\t\t\t<div class=\"elementor-element elementor-element-04bf32e elementor-widget elementor-widget-heading\" data-id=\"04bf32e\" data-element_type=\"widget\" data-widget_type=\"heading.default\">\n\t\t\t\t\t<p class=\"elementor-heading-title elementor-size-default\"><a href=\"tel:+386%2040%20326%20833\">+386 (0) 40 326 833<\/a><\/p>\t\t\t\t<\/div>\n\t\t\t\t<div class=\"elementor-element elementor-element-0fab520 elementor-widget-mobile__width-inherit elementor-widget elementor-widget-text-editor\" data-id=\"0fab520\" data-element_type=\"widget\" data-widget_type=\"text-editor.default\">\n\t\t\t\t\t\t\t\t\t<p>T\u00e4glich von 8:00 bis 16:00 Uhr verf\u00fcgbar.<\/p>\t\t\t\t\t\t\t\t<\/div>\n\t\t\t\t<\/div>\n\t\t<div class=\"elementor-element elementor-element-0879de5 e-con-full service-card e-flex e-con e-child\" data-id=\"0879de5\" data-element_type=\"container\">\n\t\t<div class=\"elementor-element elementor-element-066e879 e-con-full e-flex e-con e-child\" data-id=\"066e879\" data-element_type=\"container\">\n\t\t\t\t<div class=\"elementor-element elementor-element-7c8df32 elementor-view-default elementor-widget elementor-widget-icon\" data-id=\"7c8df32\" data-element_type=\"widget\" data-widget_type=\"icon.default\">\n\t\t\t\t\t\t\t<div class=\"elementor-icon-wrapper\">\n\t\t\t<div class=\"elementor-icon\">\n\t\t\t<svg xmlns=\"http:\/\/www.w3.org\/2000\/svg\" width=\"16\" height=\"16\" viewbox=\"0 0 24 24\" fill=\"none\" stroke=\"#FAFAFA\" stroke-width=\"2\" stroke-linecap=\"round\" stroke-linejoin=\"round\" class=\"lucide lucide-mail mt-0.5 flex-shrink-0\"><rect width=\"20\" height=\"16\" x=\"2\" y=\"4\" rx=\"2\"><\/rect><path d=\"m22 7-8.97 5.7a1.94 1.94 0 0 1-2.06 0L2 7\"><\/path><\/svg>\t\t\t<\/div>\n\t\t<\/div>\n\t\t\t\t\t\t<\/div>\n\t\t\t\t<div class=\"elementor-element elementor-element-1fb4eec elementor-widget elementor-widget-heading\" data-id=\"1fb4eec\" data-element_type=\"widget\" data-widget_type=\"heading.default\">\n\t\t\t\t\t<h3 class=\"elementor-heading-title elementor-size-default\">E-Mail<\/h3>\t\t\t\t<\/div>\n\t\t\t\t<\/div>\n\t\t\t\t<div class=\"elementor-element elementor-element-e8ee6d1 elementor-widget elementor-widget-heading\" data-id=\"e8ee6d1\" data-element_type=\"widget\" data-widget_type=\"heading.default\">\n\t\t\t\t\t<p class=\"elementor-heading-title elementor-size-default\"><a href=\"mailto:info@ac-kolor.si\">info@ac-kolor.si<\/a><\/p>\t\t\t\t<\/div>\n\t\t\t\t<div class=\"elementor-element elementor-element-768cc10 elementor-widget-mobile__width-inherit elementor-widget elementor-widget-text-editor\" data-id=\"768cc10\" data-element_type=\"widget\" data-widget_type=\"text-editor.default\">\n\t\t\t\t\t\t\t\t\t<p>Wir antworten innerhalb von 24 Stunden.<\/p>\t\t\t\t\t\t\t\t<\/div>\n\t\t\t\t<\/div>\n\t\t<div class=\"elementor-element elementor-element-c502890 e-con-full service-card e-flex e-con e-child\" data-id=\"c502890\" data-element_type=\"container\">\n\t\t<div class=\"elementor-element elementor-element-c59322b e-con-full e-flex e-con e-child\" data-id=\"c59322b\" data-element_type=\"container\">\n\t\t\t\t<div class=\"elementor-element elementor-element-cd674ac elementor-view-default elementor-widget elementor-widget-icon\" data-id=\"cd674ac\" data-element_type=\"widget\" data-widget_type=\"icon.default\">\n\t\t\t\t\t\t\t<div class=\"elementor-icon-wrapper\">\n\t\t\t<div class=\"elementor-icon\">\n\t\t\t<svg xmlns=\"http:\/\/www.w3.org\/2000\/svg\" width=\"16\" height=\"16\" viewbox=\"0 0 24 24\" fill=\"none\" stroke=\"#FAFAFA\" stroke-width=\"2\" stroke-linecap=\"round\" stroke-linejoin=\"round\" class=\"lucide lucide-map-pin mt-0.5 flex-shrink-0\"><path d=\"M20 10c0 4.993-5.539 10.193-7.399 11.799a1 1 0 0 1-1.202 0C9.539 20.193 4 14.993 4 10a8 8 0 0 1 16 0\"><\/path><circle cx=\"12\" cy=\"10\" r=\"3\"><\/circle><\/svg>\t\t\t<\/div>\n\t\t<\/div>\n\t\t\t\t\t\t<\/div>\n\t\t\t\t<div class=\"elementor-element elementor-element-87dd911 elementor-widget elementor-widget-heading\" data-id=\"87dd911\" data-element_type=\"widget\" data-widget_type=\"heading.default\">\n\t\t\t\t\t<h3 class=\"elementor-heading-title elementor-size-default\">Standort<\/h3>\t\t\t\t<\/div>\n\t\t\t\t<\/div>\n\t\t\t\t<div class=\"elementor-element elementor-element-2e3244c elementor-widget elementor-widget-heading\" data-id=\"2e3244c\" data-element_type=\"widget\" data-widget_type=\"heading.default\">\n\t\t\t\t\t<p class=\"elementor-heading-title elementor-size-default\"><a href=\"mailto:info@ac-kolor.si\">Slowenien<\/a><\/p>\t\t\t\t<\/div>\n\t\t\t\t<div class=\"elementor-element elementor-element-b686843 elementor-widget-mobile__width-inherit elementor-widget elementor-widget-text-editor\" data-id=\"b686843\" data-element_type=\"widget\" data-widget_type=\"text-editor.default\">\n\t\t\t\t\t\t\t\t\t<p>Wir sind in ganz Slowenien t\u00e4tig.<\/p>\t\t\t\t\t\t\t\t<\/div>\n\t\t\t\t<\/div>\n\t\t<div class=\"elementor-element elementor-element-fa2a135 e-con-full service-card e-flex e-con e-child\" data-id=\"fa2a135\" data-element_type=\"container\">\n\t\t<div class=\"elementor-element elementor-element-04ee191 e-con-full e-flex e-con e-child\" data-id=\"04ee191\" data-element_type=\"container\">\n\t\t\t\t<div class=\"elementor-element elementor-element-98beccc elementor-view-default elementor-widget elementor-widget-icon\" data-id=\"98beccc\" data-element_type=\"widget\" data-widget_type=\"icon.default\">\n\t\t\t\t\t\t\t<div class=\"elementor-icon-wrapper\">\n\t\t\t<div class=\"elementor-icon\">\n\t\t\t<svg xmlns=\"http:\/\/www.w3.org\/2000\/svg\" width=\"24\" height=\"24\" viewbox=\"0 0 24 24\" fill=\"none\" stroke=\"#fcc631\" stroke-width=\"2\" stroke-linecap=\"round\" stroke-linejoin=\"round\" class=\"lucide lucide-clock w-6 h-6 text-accent\"><circle cx=\"12\" cy=\"12\" r=\"10\"><\/circle><polyline points=\"12 6 12 12 16 14\"><\/polyline><\/svg>\t\t\t<\/div>\n\t\t<\/div>\n\t\t\t\t\t\t<\/div>\n\t\t\t\t<div class=\"elementor-element elementor-element-59c9618 elementor-widget elementor-widget-heading\" data-id=\"59c9618\" data-element_type=\"widget\" data-widget_type=\"heading.default\">\n\t\t\t\t\t<h3 class=\"elementor-heading-title elementor-size-default\">Arbeitszeit<\/h3>\t\t\t\t<\/div>\n\t\t\t\t<\/div>\n\t\t\t\t<div class=\"elementor-element elementor-element-bd5f98f elementor-widget elementor-widget-heading\" data-id=\"bd5f98f\" data-element_type=\"widget\" data-widget_type=\"heading.default\">\n\t\t\t\t\t<p class=\"elementor-heading-title elementor-size-default\"><a href=\"mailto:info@ac-kolor.si\">Montag - Freitag: 8:00 - 16:00 Uhr<\/a><\/p>\t\t\t\t<\/div>\n\t\t\t\t<div class=\"elementor-element elementor-element-f77fc8b elementor-widget elementor-widget-heading\" data-id=\"f77fc8b\" data-element_type=\"widget\" data-widget_type=\"heading.default\">\n\t\t\t\t\t<p class=\"elementor-heading-title elementor-size-default\"><a href=\"mailto:info@ac-kolor.si\">Samstag: 8:00 - 14:00 Uhr<\/a><\/p>\t\t\t\t<\/div>\n\t\t\t\t<div class=\"elementor-element elementor-element-aa4b129 elementor-widget-mobile__width-inherit elementor-widget elementor-widget-text-editor\" data-id=\"aa4b129\" data-element_type=\"widget\" data-widget_type=\"text-editor.default\">\n\t\t\t\t\t\t\t\t\t<p>Wir sind auch au\u00dferhalb der Arbeitszeiten f\u00fcr Notf\u00e4lle erreichbar.<\/p>\t\t\t\t\t\t\t\t<\/div>\n\t\t\t\t<\/div>\n\t\t\t\t<\/div>\n\t\t\t\t\t<\/div>\n\t\t\t\t<\/div>\n\t\t<div class=\"elementor-element elementor-element-de19874 e-flex e-con-boxed e-con e-parent\" data-id=\"de19874\" data-element_type=\"container\" data-settings=\"{&quot;background_background&quot;:&quot;classic&quot;}\">\n\t\t\t\t\t<div class=\"e-con-inner\">\n\t\t\t\t<div class=\"elementor-element elementor-element-504de07 elementor-widget elementor-widget-heading\" data-id=\"504de07\" data-element_type=\"widget\" data-widget_type=\"heading.default\">\n\t\t\t\t\t<h2 class=\"elementor-heading-title elementor-size-default\">Bereit f\u00fcr Ihr Projekt?<\/h2>\t\t\t\t<\/div>\n\t\t\t\t<div class=\"elementor-element elementor-element-b4c9bc7 elementor-widget__width-initial elementor-widget-mobile__width-inherit elementor-widget elementor-widget-text-editor\" data-id=\"b4c9bc7\" data-element_type=\"widget\" data-widget_type=\"text-editor.default\">\n\t\t\t\t\t\t\t\t\t<p>Z\u00f6gern Sie nicht, uns noch heute zu kontaktieren. Wir beraten Sie gerne und erstellen Ihnen das beste Angebot f\u00fcr Ihr Projekt.<\/p>\t\t\t\t\t\t\t\t<\/div>\n\t\t\t\t\t<\/div>\n\t\t\t\t<\/div>\n\t\t\t\t<\/div>","protected":false},"excerpt":{"rendered":"<p>Kontakt Stopite v stik z nami za brezpla\u010dno ponudbo ali svetovanje Po\u0161ljite povpra\u0161evanje Izpolnite spodnji obrazec in kmalu vas bomo kontaktirali. Kontaktni podatki Telefon +386 (0) 40 326 833 Na voljo vsak dan od 8:00 do 16:00 E-po\u0161ta info@ac-kolor.si Odgovorimo v 24 urah Lokacija Slovenija Delujemo po celotni Sloveniji Delovni \u010das Ponedeljek &#8211; Petek: 8:00 [&hellip;]<\/p>","protected":false},"author":1,"featured_media":0,"parent":0,"menu_order":0,"comment_status":"closed","ping_status":"closed","template":"","meta":{"footnotes":""},"class_list":["post-256","page","type-page","status-publish","hentry"],"_links":{"self":[{"href":"https:\/\/www.ac-kolor.si\/de\/wp-json\/wp\/v2\/pages\/256","targetHints":{"allow":["GET"]}}],"collection":[{"href":"https:\/\/www.ac-kolor.si\/de\/wp-json\/wp\/v2\/pages"}],"about":[{"href":"https:\/\/www.ac-kolor.si\/de\/wp-json\/wp\/v2\/types\/page"}],"author":[{"embeddable":true,"href":"https:\/\/www.ac-kolor.si\/de\/wp-json\/wp\/v2\/users\/1"}],"replies":[{"embeddable":true,"href":"https:\/\/www.ac-kolor.si\/de\/wp-json\/wp\/v2\/comments?post=256"}],"version-history":[{"count":61,"href":"https:\/\/www.ac-kolor.si\/de\/wp-json\/wp\/v2\/pages\/256\/revisions"}],"predecessor-version":[{"id":490,"href":"https:\/\/www.ac-kolor.si\/de\/wp-json\/wp\/v2\/pages\/256\/revisions\/490"}],"wp:attachment":[{"href":"https:\/\/www.ac-kolor.si\/de\/wp-json\/wp\/v2\/media?parent=256"}],"curies":[{"name":"wp","href":"https:\/\/api.w.org\/{rel}","templated":true}]}}